{"id":3901,"date":"2021-10-04T10:32:54","date_gmt":"2021-10-04T10:32:54","guid":{"rendered":"http:\/\/duff.kinematografi.org\/en\/duff2021program\/"},"modified":"2021-10-16T23:15:02","modified_gmt":"2021-10-16T23:15:02","slug":"duff2021program","status":"publish","type":"page","link":"https:\/\/duff.kinematografi.org\/en\/duff2021program\/","title":{"rendered":"Programme DUFF21"},"content":{"rendered":"<div class=\"wpb-content-wrapper\"><p>[vc_row][vc_column][vc_tta_accordion style=&#8221;flat&#8221; color=&#8221;black&#8221; spacing=&#8221;1&#8243; gap=&#8221;1&#8243; c_icon=&#8221;triangle&#8221; active_section=&#8221;7&#8243; no_fill=&#8221;true&#8221;][vc_tta_section title=&#8221;MONDAY&#8221; tab_id=&#8221;1602955725570-f4e50af3-474e&#8221;][vc_cta h2=&#8221;VIMEO online SCREENINGS&#8221; h4=&#8221;0-24&#8243; style=&#8221;outline&#8221; color=&#8221;black&#8221;]<a class=\"button  button_size_1 button_js\" href=\"http:\/\/duff.kinematografi.org\/duff2021projekcije\/\" target=\"_blank\"     style=\" background-color:#a54a7d !important; color:#ffffff;\"><span class=\"button_label\">Watch<\/span><\/a>\n[\/vc_cta][\/vc_tta_section][vc_tta_section title=&#8221;TUESDAY&#8221; tab_id=&#8221;1602955725665-4d7866ae-c278&#8243;][vc_cta h2=&#8221;VIMEO online SCREENINGS&#8221; h4=&#8221;0-24&#8243; style=&#8221;outline&#8221; color=&#8221;black&#8221;]<a class=\"button  button_size_1 button_js\" href=\"http:\/\/duff.kinematografi.org\/duff2021projekcije\/\" target=\"_blank\"     style=\" background-color:#a54a7d !important; color:#ffffff;\"><span class=\"button_label\">Watch<\/span><\/a>\n[\/vc_cta][\/vc_tta_section][vc_tta_section title=&#8221;WEDNESDAY&#8221; tab_id=&#8221;1602959178023-9cd678e6-ade5&#8243;][vc_cta h2=&#8221;PROMO VIDEO WORKSHOP&#8221; style=&#8221;outline&#8221; color=&#8221;black&#8221;]<\/p>\n<p class=\"p1\">PROMO VIDEO WORKSHOP<\/p>\n<p class=\"p2\"><span class=\"s1\"><b>Centar za mlade Dubrovnik<\/b><\/span><\/p>\n<p class=\"p1\"><span class=\"s1\"> Voditelj:<b> Mi\u0161o Sori\u0107 <\/b><\/span><\/p>\n<p>[\/vc_cta][vc_cta h2=&#8221;FILM SCORE&#8221; style=&#8221;outline&#8221; color=&#8221;black&#8221;]<\/p>\n<p class=\"p1\"><span class=\"s1\"><b>FILM SCORE<\/b><\/span><\/p>\n<p class=\"p1\"><span class=\"s1\"><b>Umjetni\u010dka \u0161kola Luke Sorko\u0107evi\u0107a <\/b><\/span><\/p>\n<p class=\"p2\"><span class=\"s1\"> Voditelj:<b> Aljo\u0161a Le\u010di\u0107 <\/b><\/span><\/p>\n<p>[\/vc_cta][vc_cta h2=&#8221;VIMEO online screenings&#8221; h4=&#8221;0-24&#8243; style=&#8221;outline&#8221; color=&#8221;black&#8221;]<a class=\"button  button_size_1 button_js\" href=\"http:\/\/duff.kinematografi.org\/duff2021projekcije\/\" target=\"_blank\"     style=\" background-color:#a54a7d !important; color:#ffffff;\"><span class=\"button_label\">Watch<\/span><\/a>\n[\/vc_cta][\/vc_tta_section][vc_tta_section title=&#8221;THURSDAY&#8221; tab_id=&#8221;1602959227981-ac48399d-8462&#8243;][vc_cta h2=&#8221;FILM SCORE&#8221; style=&#8221;outline&#8221; color=&#8221;black&#8221;]<\/p>\n<p class=\"p1\"><span class=\"s1\"><b>FILM SCORE<\/b><\/span><\/p>\n<p class=\"p1\"><span class=\"s1\"><b>Umjetni\u010dka \u0161kola Luke Sorko\u0107evi\u0107a <\/b><\/span><\/p>\n<p class=\"p2\"><span class=\"s1\"> Voditelj:<b> Aljo\u0161a Le\u010di\u0107 <\/b><\/span><\/p>\n<p>[\/vc_cta][vc_cta h2=&#8221;PROMO VIDEO WORKSHOP&#8221; style=&#8221;outline&#8221; color=&#8221;black&#8221;]<\/p>\n<p class=\"p1\">PROMO VIDEO WORKSHOP<\/p>\n<p class=\"p2\"><span class=\"s1\"><b>Centar za mlade Dubrovnik<\/b><\/span><\/p>\n<p class=\"p1\"><span class=\"s1\"> Voditelj:<b> Mi\u0161o Sori\u0107 <\/b><\/span><\/p>\n<p>[\/vc_cta][vc_cta h2=&#8221;SHORT-SHORT SCRIPT WORKSHOP&#8221; style=&#8221;outline&#8221; color=&#8221;black&#8221;]<\/p>\n<p class=\"p1\"><span class=\"s1\"><b>SHORT-SHORT SCRIPT WORKSHOP<\/b><\/span><\/p>\n<p class=\"p1\"><span class=\"s1\"><b>Centar za mlade Dubrovnik<\/b><\/span><\/p>\n<p class=\"p2\"><span class=\"s1\"> Voditelj:<b> Marin Lisjak <\/b><\/span><\/p>\n<p>[\/vc_cta][vc_cta h2=&#8221;VIMEO online screenings&#8221; h4=&#8221;0-24&#8243; style=&#8221;outline&#8221; color=&#8221;black&#8221;]<a class=\"button  button_size_1 button_js\" href=\"http:\/\/duff.kinematografi.org\/duff2021projekcije\/\" target=\"_blank\"     style=\" background-color:#a54a7d !important; color:#ffffff;\"><span class=\"button_label\">Watch<\/span><\/a>\n[\/vc_cta][vc_cta h2=&#8221;The Opening Ceremony&#8221; h4=&#8221;19.00&#8243; style=&#8221;outline&#8221; color=&#8221;black&#8221;]<\/p>\n<p class=\"p1\"><span class=\"s1\"><b>The Opening Ceremony<\/b><\/span><\/p>\n<p>[\/vc_cta][vc_cta h2=&#8221;Official Competition \u2013 Screening no.1&#8243; h4=&#8221;19.30&#8243; style=&#8221;outline&#8221; color=&#8221;black&#8221;]<\/p>\n<p class=\"p1\"><span class=\"s1\"><b>Official Competition \u2013 Screening no.1<\/b><\/span><\/p>\n<p>[\/vc_cta][vc_cta h2=&#8221;Cocktail party&#8221; h4=&#8221;20.15&#8243; style=&#8221;outline&#8221; color=&#8221;black&#8221;]<\/p>\n<p class=\"p1\"><span class=\"s1\"><b>Cocktail party<\/b><\/span><\/p>\n<p>[\/vc_cta][\/vc_tta_section][vc_tta_section title=&#8221;FRIDAY&#8221; tab_id=&#8221;1602959230105-657c3684-ceaa&#8221;][vc_cta h2=&#8221;FILM SCORE&#8221; style=&#8221;outline&#8221; color=&#8221;black&#8221;]<\/p>\n<p class=\"p1\"><span class=\"s1\"><b>FILM SCORE<\/b><\/span><\/p>\n<p class=\"p1\"><span class=\"s1\"><b>Umjetni\u010dka \u0161kola Luke Sorko\u0107evi\u0107a <\/b><\/span><\/p>\n<p class=\"p2\"><span class=\"s1\"> Voditelj:<b> Aljo\u0161a Le\u010di\u0107 <\/b><\/span><\/p>\n<p>[\/vc_cta][vc_cta h2=&#8221;PROMO VIDEO WORKSHOP&#8221; style=&#8221;outline&#8221; color=&#8221;black&#8221;]<\/p>\n<p class=\"p1\">PROMO VIDEO WORKSHOP<\/p>\n<p class=\"p2\"><span class=\"s1\"><b>Centar za mlade Dubrovnik<\/b><\/span><\/p>\n<p class=\"p1\"><span class=\"s1\"> Voditelj:<b> Mi\u0161o Sori\u0107 <\/b><\/span><\/p>\n<p>[\/vc_cta][vc_cta h2=&#8221;SHORT-SHORT SCRIPT WORKSHOP&#8221; style=&#8221;outline&#8221; color=&#8221;black&#8221;]<\/p>\n<p class=\"p1\"><span class=\"s1\"><b>SHORT-SHORT SCRIPT WORKSHOP<\/b><\/span><\/p>\n<p class=\"p1\"><span class=\"s1\"><b>Centar za mlade Dubrovnik<\/b><\/span><\/p>\n<p class=\"p2\"><span class=\"s1\"> Voditelj:<b> Marin Lisjak <\/b><\/span><\/p>\n<p>[\/vc_cta][vc_cta h2=&#8221;VIMEO online screenings&#8221; h4=&#8221;0-24&#8243; style=&#8221;outline&#8221; color=&#8221;black&#8221;]<a class=\"button  button_size_1 button_js\" href=\"http:\/\/duff.kinematografi.org\/duff2021projekcije\/\" target=\"_blank\"     style=\" background-color:#a54a7d !important; color:#ffffff;\"><span class=\"button_label\">Watch<\/span><\/a>\n[\/vc_cta][vc_cta h2=&#8221;Official Competition \u2013 Screening no. 2 &amp; 3&#8243; h4=&#8221;10.00 &#8221; style=&#8221;outline&#8221; color=&#8221;black&#8221;]<\/p>\n<p class=\"p1\">Official Competition \u2013 Screening no. 2 &amp; 3<\/p>\n<p>[\/vc_cta][vc_cta h2=&#8221;Sightseeng tour &#8221; h4=&#8221;11.30 &#8221; style=&#8221;outline&#8221; color=&#8221;black&#8221;]<\/p>\n<p class=\"p1\"><span class=\"s1\"><b>Sightseeng tour<span class=\"Apple-converted-space\">\u00a0<\/span><\/b><\/span><\/p>\n<p class=\"p1\"><span class=\"s2\">(the Sloboda Cinema lobby)<\/span><\/p>\n<p>[\/vc_cta][vc_cta h2=&#8221;Fishing and Fishermen&#8217;s Conversations&#8221; h4=&#8221;13.00 &#8221; style=&#8221;outline&#8221; color=&#8221;black&#8221;]<\/p>\n<p class=\"p1\"><span class=\"s1\"><b>Fishing and Fishermen&#8217;s Conversations <\/b><\/span><\/p>\n<p class=\"p1\"><span class=\"s3\">Screening<span class=\"Apple-converted-space\">\u00a0 <\/span>and Q&amp;A with the director Milan Trenc<\/span><\/p>\n<p>[\/vc_cta][vc_cta h2=&#8221;Murina&#8221; h4=&#8221;15.30 &#8221; style=&#8221;outline&#8221; color=&#8221;black&#8221;]<span class=\"s2\">screening<span class=\"Apple-converted-space\">\u00a0 <\/span>and conversation,<span class=\"Apple-converted-space\">\u00a0 <\/span>moderator Bo\u0161ko Picula<\/span>[\/vc_cta][vc_cta h2=&#8221;Official Competition \u2013 Screening no. 4 &amp; 5&#8243; h4=&#8221;18.00 &#8221; style=&#8221;outline&#8221; color=&#8221;black&#8221;]<\/p>\n<p class=\"p1\"><span class=\"s1\">Natjecateljske projekcije 4 i 5 <\/span><\/p>\n<p>[\/vc_cta][\/vc_tta_section][vc_tta_section title=&#8221;SATURDAY&#8221; tab_id=&#8221;1602959231997-acf1dd78-5a7b&#8221;][vc_cta h2=&#8221;FILM SCORE&#8221; style=&#8221;outline&#8221; color=&#8221;black&#8221;]<\/p>\n<p class=\"p1\"><span class=\"s1\"><b>FILM SCORE<\/b><\/span><\/p>\n<p class=\"p1\"><span class=\"s1\"><b>Umjetni\u010dka \u0161kola Luke Sorko\u0107evi\u0107a <\/b><\/span><\/p>\n<p class=\"p2\"><span class=\"s1\"> Voditelj:<b> Aljo\u0161a Le\u010di\u0107 <\/b><\/span><\/p>\n<p>[\/vc_cta][vc_cta h2=&#8221;PROMO VIDEO WORKSHOP&#8221; style=&#8221;outline&#8221; color=&#8221;black&#8221;]<\/p>\n<p class=\"p1\">PROMO VIDEO WORKSHOP<\/p>\n<p class=\"p2\"><span class=\"s1\"><b>Centar za mlade Dubrovnik<\/b><\/span><\/p>\n<p class=\"p1\"><span class=\"s1\"> Voditelj:<b> Mi\u0161o Sori\u0107 <\/b><\/span><\/p>\n<p>[\/vc_cta][vc_cta h2=&#8221;SHORT-SHORT SCRIPT WORKSHOP&#8221; style=&#8221;outline&#8221; color=&#8221;black&#8221;]<\/p>\n<p class=\"p1\"><span class=\"s1\"><b>SHORT-SHORT SCRIPT WORKSHOP<\/b><\/span><\/p>\n<p class=\"p1\"><span class=\"s1\"><b>Centar za mlade Dubrovnik<\/b><\/span><\/p>\n<p class=\"p2\"><span class=\"s1\"> Voditelj:<b> Marin Lisjak <\/b><\/span><\/p>\n<p>[\/vc_cta][vc_cta h2=&#8221;VIMEO online screenings&#8221; h4=&#8221;0-24&#8243; style=&#8221;outline&#8221; color=&#8221;black&#8221;]<a class=\"button  button_size_1 button_js\" href=\"http:\/\/duff.kinematografi.org\/duff2021projekcije\/\" target=\"_blank\"     style=\" background-color:#a54a7d !important; color:#ffffff;\"><span class=\"button_label\">Watch<\/span><\/a>\n[\/vc_cta][vc_cta h2=&#8221;Official Competition \u2013 Screening no. 6 &amp; 7&#8243; h4=&#8221;11.00&#8243; style=&#8221;outline&#8221; color=&#8221;black&#8221;]<\/p>\n<p class=\"p1\">Official Competition \u2013 Screening no. 6 &amp; 7<\/p>\n<p>[\/vc_cta][vc_cta h2=&#8221;Official Competition \u2013 Screening no. 8 &amp; 9&#8243; h4=&#8221;16.30&#8243; style=&#8221;outline&#8221; color=&#8221;black&#8221;]<\/p>\n<p class=\"p1\">Official Competition \u2013 Screening no. 8 &amp; 9<\/p>\n<p>[\/vc_cta][vc_cta h2=&#8221;Pub quiz&#8221; h4=&#8221;18.30&#8243; style=&#8221;outline&#8221; color=&#8221;black&#8221;]<\/p>\n<p class=\"p1\"><span class=\"s1\"><b>Pub quiz in Lazareti<\/b><\/span><span class=\"s1\"><br \/>\n<\/span><\/p>\n<p>[\/vc_cta][\/vc_tta_section][vc_tta_section title=&#8221;SUNDAY&#8221; tab_id=&#8221;1602959234517-e51316c7-46fa&#8221;][vc_cta h2=&#8221;Closing Ceremony&#8221; h4=&#8221;11.00&#8243; style=&#8221;outline&#8221; color=&#8221;black&#8221;]<\/p>\n<p class=\"p1\"><span class=\"s1\"><b>Closing Ceremony<\/b><\/span><\/p>\n<p><a class=\"button  button_size_3 button_js\" href=\"https:\/\/www.youtube.com\/embed\/0g90KzSGMc8?fbclid=IwAR0cL8ROUoU_sa5VGGNw29EA6xVrV1WcCm15ltST7UrwbXmXQWr-y1zbvLk\" target=\"_blank\"     style=\" background-color:#a54a7d !important; color:#ffffff;\"><span class=\"button_label\">LIVE STREAMING<\/span><\/a>\n[\/vc_cta][\/vc_tta_section][\/vc_tta_accordion][vc_column_text]<\/p>\n<p>&nbsp;<\/p>\n<p>&nbsp;<\/p>\n<p>[\/vc_column_text][vc_text_separator title=&#8221;SCREENINGS FOR SCHOOLS&#8221;][vc_column_text]<\/p>\n<h6 class=\"p1\"><span class=\"s1\">Nizozemska\/The Netherlands (2019), 90 min., re\u017eija\/director: Jonathan Elbers \/\u00a0projekcija uz dodatne materijale<\/span><\/h6>\n<h4 class=\"p1\"><span class=\"s1\">Klub ru\u017ene djece \/<\/span> <span class=\"s1\">De club van lelijke kinderen \/ The Club of Ugly Children <\/span><\/h4>\n<p>&#8212;&#8212;&#8212;&#8212;&#8212;&#8212;&#8211;<\/p>\n<h6 class=\"p3\"><span class=\"s1\">Belgija\/Belgium, (2021), 97 min., re\u017eija\/director: Olivier Pairoux<\/span><\/h6>\n<h4 class=\"p3\"><span class=\"s1\"><b>Spaceboy<\/b>\u00a0<\/span><\/h4>\n<p>&#8212;&#8212;&#8212;&#8212;&#8212;&#8212;&#8211;<\/p>\n<h6 class=\"p3\"><span class=\"s1\">Belgija\/Belgium, (2021), 90 min., re\u017eija\/director: Anouk Fortunier<\/span><\/h6>\n<h4 class=\"p3\"><span class=\"s1\">Moj tata kobasica \/ Mijn vader is een saucisse \/ My Father the Sausage<\/span><\/h4>\n<p class=\"p3\">&#8212;&#8212;&#8212;&#8212;&#8212;&#8212;&#8211;<\/p>\n<h6 class=\"p1\"><span class=\"s1\">Hrvatska\/Croatia (2021), 92 min., re\u017eija\/director: Antoneta Alamat Kusijanovi\u0107<\/span><\/h6>\n<h4 class=\"p1\"><span class=\"s1\">Murina\u00a0<\/span><\/h4>\n<p>&#8212;&#8212;&#8212;&#8212;&#8212;&#8212;&#8211;<\/p>\n<h6 class=\"p3\"><span class=\"s1\">Hrvatska\/Croatia (2020), 46 min., re\u017eija\/director: Mladen Burna\u0107 \/ dokumentarno-glazbeni film\/music documentary<\/span><\/h6>\n<h4 class=\"p3\"><span class=\"s1\">Knjiga poezije \/ The Poetry Book\u00a0<\/span><\/h4>\n<p>[\/vc_column_text][\/vc_column][\/vc_row][vc_row][vc_column][vc_column_text]<\/p>\n<p>&nbsp;<\/p>\n<p>&nbsp;<\/p>\n<p>&nbsp;<\/p>\n<p>&nbsp;<\/p>\n<p>[\/vc_column_text][\/vc_column][\/vc_row]<\/p>\n<\/div>","protected":false},"excerpt":{"rendered":"<p>[vc_row][vc_column][vc_tta_accordion style=&#8221;flat&#8221; color=&#8221;black&#8221; spacing=&#8221;1&#8243; gap=&#8221;1&#8243; c_icon=&#8221;triangle&#8221; active_section=&#8221;7&#8243; no_fill=&#8221;true&#8221;][vc_tta_section title=&#8221;MONDAY&#8221; tab_id=&#8221;1602955725570-f4e50af3-474e&#8221;][vc_cta h2=&#8221;VIMEO online SCREENINGS&#8221; h4=&#8221;0-24&#8243; style=&#8221;outline&#8221; color=&#8221;black&#8221;][\/vc_cta][\/vc_tta_section][vc_tta_section title=&#8221;TUESDAY&#8221; tab_id=&#8221;1602955725665-4d7866ae-c278&#8243;][vc_cta h2=&#8221;VIMEO online SCREENINGS&#8221; h4=&#8221;0-24&#8243; style=&#8221;outline&#8221; color=&#8221;black&#8221;][\/vc_cta][\/vc_tta_section][vc_tta_section title=&#8221;WEDNESDAY&#8221; tab_id=&#8221;1602959178023-9cd678e6-ade5&#8243;][vc_cta<span class=\"excerpt-hellip\"> [\u2026]<\/span><\/p>\n","protected":false},"author":1,"featured_media":0,"parent":0,"menu_order":0,"comment_status":"closed","ping_status":"closed","template":"","meta":{"footnotes":""},"class_list":["post-3901","page","type-page","status-publish","hentry"],"_links":{"self":[{"href":"https:\/\/duff.kinematografi.org\/en\/wp-json\/wp\/v2\/pages\/3901","targetHints":{"allow":["GET"]}}],"collection":[{"href":"https:\/\/duff.kinematografi.org\/en\/wp-json\/wp\/v2\/pages"}],"about":[{"href":"https:\/\/duff.kinematografi.org\/en\/wp-json\/wp\/v2\/types\/page"}],"author":[{"embeddable":true,"href":"https:\/\/duff.kinematografi.org\/en\/wp-json\/wp\/v2\/users\/1"}],"replies":[{"embeddable":true,"href":"https:\/\/duff.kinematografi.org\/en\/wp-json\/wp\/v2\/comments?post=3901"}],"version-history":[{"count":29,"href":"https:\/\/duff.kinematografi.org\/en\/wp-json\/wp\/v2\/pages\/3901\/revisions"}],"predecessor-version":[{"id":4168,"href":"https:\/\/duff.kinematografi.org\/en\/wp-json\/wp\/v2\/pages\/3901\/revisions\/4168"}],"wp:attachment":[{"href":"https:\/\/duff.kinematografi.org\/en\/wp-json\/wp\/v2\/media?parent=3901"}],"curies":[{"name":"wp","href":"https:\/\/api.w.org\/{rel}","templated":true}]}}