{"id":4418,"date":"2022-10-12T11:39:01","date_gmt":"2022-10-12T11:39:01","guid":{"rendered":"http:\/\/duff.kinematografi.org\/en\/?page_id=4418"},"modified":"2022-10-18T09:02:14","modified_gmt":"2022-10-18T09:02:14","slug":"duff2022igrani16-20","status":"publish","type":"page","link":"https:\/\/duff.kinematografi.org\/en\/duff2022igrani16-20\/","title":{"rendered":"FICTION  16-20"},"content":{"rendered":"<div class=\"wpb-content-wrapper\"><p>[vc_row 0=&#8221;&#8221;][vc_column 0=&#8221;&#8221;][vc_separator color=&#8221;custom&#8221; accent_color=&#8221;#79b589&#8243; css=&#8221;.vc_custom_1665571572551{margin-top: 30px !important;margin-bottom: 10px !important;}&#8221;][vc_column_text 0=&#8221;&#8221;]<\/p>\n<h5>Re\u017eija \/ Directed : Nicolas Brune, Sasha Foinix &#8211; Ynov (Toulouse), France<\/h5>\n<h4>APSOLUTNO \/ ABSOLUTE<\/h4>\n<p><a href=\"http:\/\/duff.kinematografi.org\/wp-content\/uploads\/2022\/10\/ABSOLUTE.png\" target=\"_blank\" rel=\"noopener noreferrer\"><img loading=\"lazy\" decoding=\"async\" class=\"alignnone wp-image-4610 size-thumbnail\" src=\"http:\/\/duff.kinematografi.org\/wp-content\/uploads\/2022\/10\/ABSOLUTE-150x150.png\" alt=\"\" width=\"150\" height=\"150\" srcset=\"https:\/\/duff.kinematografi.org\/wp-content\/uploads\/2022\/10\/ABSOLUTE-150x150.png 150w, https:\/\/duff.kinematografi.org\/wp-content\/uploads\/2022\/10\/ABSOLUTE-85x85.png 85w, https:\/\/duff.kinematografi.org\/wp-content\/uploads\/2022\/10\/ABSOLUTE-80x80.png 80w\" sizes=\"auto, (max-width: 150px) 100vw, 150px\" \/><\/a><\/p>\n<p>\u010cinjenica da se inspiracija za film mo\u017ee na\u0107i u stvarnom \u017eivotu odli\u010dno je poslu\u017eila o\u010dajnom scenaristu. Utjecaj Burtona (animacija) i Fincera (triler) je o\u010dit.<br \/>\nNapet, razigran, rasplesano stra\u0161an i odli\u010dno montiran film o odnosu umjetnosti i \u017eivota.<br \/>\n<em>The fact that the inspiration for this movie can be found in real life has served a desperate screenplay writer well. One can clearly see the influence of Burton (animation) and Fincher (thriller).<\/em><br \/>\n<em>This is a tense, playful, dance-like in its horror and excellently edited movie on the relationship between art and life.<\/em>[\/vc_column_text][\/vc_column][\/vc_row][vc_row 0=&#8221;&#8221;][vc_column 0=&#8221;&#8221;][vc_separator color=&#8221;custom&#8221; accent_color=&#8221;#79b589&#8243; css=&#8221;.vc_custom_1665571572551{margin-top: 30px !important;margin-bottom: 10px !important;}&#8221;][vc_column_text 0=&#8221;&#8221;]<\/p>\n<h5>Re\u017eija \/ Directed : Maria Marques Ribeiro &#8211; Ballyfermot School of Higher Education, Portugal \/ Ireland<\/h5>\n<h4>CARPE DIEM<\/h4>\n<p><a href=\"http:\/\/duff.kinematografi.org\/wp-content\/uploads\/2022\/10\/CARPE-DIEM.jpg\" target=\"_blank\" rel=\"noopener noreferrer\"><img loading=\"lazy\" decoding=\"async\" class=\"alignnone wp-image-4611 size-thumbnail\" src=\"http:\/\/duff.kinematografi.org\/wp-content\/uploads\/2022\/10\/CARPE-DIEM-150x150.jpg\" alt=\"\" width=\"150\" height=\"150\" srcset=\"https:\/\/duff.kinematografi.org\/wp-content\/uploads\/2022\/10\/CARPE-DIEM-150x150.jpg 150w, https:\/\/duff.kinematografi.org\/wp-content\/uploads\/2022\/10\/CARPE-DIEM-85x85.jpg 85w, https:\/\/duff.kinematografi.org\/wp-content\/uploads\/2022\/10\/CARPE-DIEM-80x80.jpg 80w\" sizes=\"auto, (max-width: 150px) 100vw, 150px\" \/><\/a><\/p>\n<p>Carpe Diem jo\u0161 je jedna interpretacija \u010destog motiva \u201cbeskrajnog dana\u201d, ali to ga ne \u010dini ni\u0161ta manje originalnim. Promi\u0161ljena monta\u017ea, ritam, pri\u010da bez dijaloga i ekspresija junakinje odli\u010dno su uskla\u0111eni, a teza koju film postavlja vrlo je jasna: svaka na\u0161a pa i najmanja odluka utje\u010de na svijet oko nas.<br \/>\n<em>Carpe Diem is another interpretation of the common motive of a \u201cnever-ending day,\u201d but this does not make it any less original. A well thought through editing, rhythm, story without dialogue and expression of the hero are masterfully synchronised. The thesis that the movie presents is very clear: every decision we make, even the smallest one, influences the world around us.<\/em>[\/vc_column_text][\/vc_column][\/vc_row][vc_row 0=&#8221;&#8221;][vc_column 0=&#8221;&#8221;][vc_separator color=&#8221;custom&#8221; accent_color=&#8221;#79b589&#8243; css=&#8221;.vc_custom_1665571572551{margin-top: 30px !important;margin-bottom: 10px !important;}&#8221;][vc_column_text 0=&#8221;&#8221;]<\/p>\n<h5>Re\u017eija \/ Directed : Grupni rad \/ Group of authors &#8211; Ambroz Hara\u010di\u0107 high school, Mali Lo\u0161inj, Croatia<\/h5>\n<h4>U \u017dURBI \/ IN A HURRY<\/h4>\n<p><a href=\"http:\/\/duff.kinematografi.org\/wp-content\/uploads\/2022\/10\/IN-A-HURRY.jpg\" target=\"_blank\" rel=\"noopener noreferrer\"><img loading=\"lazy\" decoding=\"async\" class=\"alignnone wp-image-4612 size-thumbnail\" src=\"http:\/\/duff.kinematografi.org\/wp-content\/uploads\/2022\/10\/IN-A-HURRY-150x150.jpg\" alt=\"\" width=\"150\" height=\"150\" srcset=\"https:\/\/duff.kinematografi.org\/wp-content\/uploads\/2022\/10\/IN-A-HURRY-150x150.jpg 150w, https:\/\/duff.kinematografi.org\/wp-content\/uploads\/2022\/10\/IN-A-HURRY-85x85.jpg 85w, https:\/\/duff.kinematografi.org\/wp-content\/uploads\/2022\/10\/IN-A-HURRY-80x80.jpg 80w\" sizes=\"auto, (max-width: 150px) 100vw, 150px\" \/><\/a><\/p>\n<p>Zabavan, dinami\u010dan i duhovit film o kontrastu u potrebi da ubrzamo ritam kako bismo mogli \u0161to vi\u0161e u\u017eivati u njegovu usporavanju.<br \/>\n<em>An entertaining, dynamic and funny movie about the contrast between the need to speed up a rhythm of in order to enjoy its slowing down.<\/em>[\/vc_column_text][\/vc_column][\/vc_row][vc_row 0=&#8221;&#8221;][vc_column 0=&#8221;&#8221;][vc_separator color=&#8221;custom&#8221; accent_color=&#8221;#79b589&#8243; css=&#8221;.vc_custom_1665571572551{margin-top: 30px !important;margin-bottom: 10px !important;}&#8221;][vc_column_text 0=&#8221;&#8221;]<\/p>\n<h5>Re\u017eija \/ Directed : Luka Stjepanovi\u0107 &#8211; Independent, Croatia<\/h5>\n<h4>NO\u0106NA SMJENA \/ NIGHT SHIFT<\/h4>\n<p><a href=\"http:\/\/duff.kinematografi.org\/wp-content\/uploads\/2022\/10\/NIGHT-SHIFT.jpg\" target=\"_blank\" rel=\"noopener noreferrer\"><img loading=\"lazy\" decoding=\"async\" class=\"alignnone wp-image-4613 size-thumbnail\" src=\"http:\/\/duff.kinematografi.org\/wp-content\/uploads\/2022\/10\/NIGHT-SHIFT-150x150.jpg\" alt=\"\" width=\"150\" height=\"150\" srcset=\"https:\/\/duff.kinematografi.org\/wp-content\/uploads\/2022\/10\/NIGHT-SHIFT-150x150.jpg 150w, https:\/\/duff.kinematografi.org\/wp-content\/uploads\/2022\/10\/NIGHT-SHIFT-85x85.jpg 85w, https:\/\/duff.kinematografi.org\/wp-content\/uploads\/2022\/10\/NIGHT-SHIFT-80x80.jpg 80w\" sizes=\"auto, (max-width: 150px) 100vw, 150px\" \/><\/a><\/p>\n<p>Film na odli\u010dan na\u010din do\u010darava atmosferu jedne beskrajne no\u0107i na poslu. Dok gledamo, od samog po\u010detka stalno i\u0161\u010dekujemo da se ne\u0161to dogodi, ne\u0161to \u0161to \u0107e promijeniti monotoniju i iznenaditi nas i to je ono \u0161to nam dr\u017ei pa\u017enju kroz cijeli film. Zvu\u010dna kulisa, radijski programi koji se mijenjaju, kao i razgovori sa zadnjeg sjedi\u0161ta, jedini su znakovi \u017eivota koji se odvija negdje drugdje dok no\u0107 iscrpljuju\u0107e klizi prema jutru.<br \/>\n<em>The movie excellently depicts the atmosphere of one endless night at work. While we watch, from the start of the movie we are expecting something to happen, something that would change the monotony and surprise us, and that is the only thing that keeps our attention throughout the movie. The background sounds, radio programmes that change, as well as the back-seat conversations, are the only signs of life going on somewhere else while the night slides exhaustingly towards morning.<\/em>[\/vc_column_text][\/vc_column][\/vc_row][vc_row 0=&#8221;&#8221;][vc_column 0=&#8221;&#8221;][vc_separator color=&#8221;custom&#8221; accent_color=&#8221;#79b589&#8243; css=&#8221;.vc_custom_1665571572551{margin-top: 30px !important;margin-bottom: 10px !important;}&#8221;][vc_column_text 0=&#8221;&#8221;]<\/p>\n<h5>Re\u017eija \/ Directed : Marco Araujo &#8211; Independent, Spain<\/h5>\n<h4>NA DRUGOM KATU \/ EN EL SEGUNDO IZQUIERDA \/ ON THE SECOND FLOOR<\/h4>\n<p><a href=\"http:\/\/duff.kinematografi.org\/wp-content\/uploads\/2022\/10\/ON-THE-SECOND-FLOOR.jpg\" target=\"_blank\" rel=\"noopener noreferrer\"><img loading=\"lazy\" decoding=\"async\" class=\"alignnone wp-image-4614 size-thumbnail\" src=\"http:\/\/duff.kinematografi.org\/wp-content\/uploads\/2022\/10\/ON-THE-SECOND-FLOOR-150x150.jpg\" alt=\"\" width=\"150\" height=\"150\" srcset=\"https:\/\/duff.kinematografi.org\/wp-content\/uploads\/2022\/10\/ON-THE-SECOND-FLOOR-150x150.jpg 150w, https:\/\/duff.kinematografi.org\/wp-content\/uploads\/2022\/10\/ON-THE-SECOND-FLOOR-85x85.jpg 85w, https:\/\/duff.kinematografi.org\/wp-content\/uploads\/2022\/10\/ON-THE-SECOND-FLOOR-80x80.jpg 80w\" sizes=\"auto, (max-width: 150px) 100vw, 150px\" \/><\/a><\/p>\n<p>Doajenka \u0161panjolskog filma i kazali\u0161ta Mar\u00eda Galiana je maestralna, a mladi autor stoji joj ravno uz bok. Izvrstan scenarij, re\u017eija i gluma u filmu koji \u0107emo dugo pamtiti i koji otvara ozbiljna pitanja o odnosu dru\u0161tva prema starijim osobama.<br \/>\nJednostavna i topla ljudska pri\u010da o samo\u0107i i otu\u0111enosti velikoga grada. Film nas poti\u010de na razmi\u0161ljanje o tome kako je ponekad dovoljno samo malo na\u0161eg u\u017eurbanog vremena da nekome uljep\u0161amo dan, a kako \u010desto ni za taj kratki poklon drugome nemamo vremena.<br \/>\n<em>Doyen of Spanish film and theatre, Mar\u00eda Galiana is superb, and the young author is good enough to stand side by side with her. Excellent script, directing and acting in a movie we will remember for a long time. A movie that presents us with serious questions on the relationship the society has with its elderly.<\/em><br \/>\n<em>A simple and warm human story about loneliness and alienation of a big city. The movie encourages us to think about how sometimes a little bit of our hectic time is enough to make someone\u2019s day better, and how very often we don\u2019t have enough time even for that little gift to our fellow man.<\/em>[\/vc_column_text][\/vc_column][\/vc_row][vc_row 0=&#8221;&#8221;][vc_column 0=&#8221;&#8221;][vc_separator color=&#8221;custom&#8221; accent_color=&#8221;#79b589&#8243; css=&#8221;.vc_custom_1665571572551{margin-top: 30px !important;margin-bottom: 10px !important;}&#8221;][vc_column_text 0=&#8221;&#8221;]<\/p>\n<h5>Re\u017eija \/ Directed : Ivan Melguizo &#8211; Independent, Spain<\/h5>\n<h4>POSTUREO<\/h4>\n<p><a href=\"http:\/\/duff.kinematografi.org\/wp-content\/uploads\/2022\/10\/POSTUREO.jpg\" target=\"_blank\" rel=\"noopener noreferrer\"><img loading=\"lazy\" decoding=\"async\" class=\"alignnone wp-image-4615 size-thumbnail\" src=\"http:\/\/duff.kinematografi.org\/wp-content\/uploads\/2022\/10\/POSTUREO-150x150.jpg\" alt=\"\" width=\"150\" height=\"150\" srcset=\"https:\/\/duff.kinematografi.org\/wp-content\/uploads\/2022\/10\/POSTUREO-150x150.jpg 150w, https:\/\/duff.kinematografi.org\/wp-content\/uploads\/2022\/10\/POSTUREO-85x85.jpg 85w, https:\/\/duff.kinematografi.org\/wp-content\/uploads\/2022\/10\/POSTUREO-80x80.jpg 80w\" sizes=\"auto, (max-width: 150px) 100vw, 150px\" \/><\/a><\/p>\n<p>Film otvara temu o kojoj je potrebno stalno govoriti, progovara o raskoraku izme\u0111u \u017eivota na dru\u0161tvenim mre\u017eama i onoga \u0161to se doga\u0111a u realnosti i kako se u tom raskoraku, iako smo ga mo\u017eda i svjesni, lako izgubiti i pogubiti.<br \/>\n<em>The movie opens up a theme that should always be discussed, the discrepancy between the life we present on social networks and what happens in reality and how, even if we are aware of this discrepancy, we can get lost in it.<\/em>[\/vc_column_text][\/vc_column][\/vc_row][vc_row 0=&#8221;&#8221;][vc_column 0=&#8221;&#8221;][vc_separator color=&#8221;custom&#8221; accent_color=&#8221;#79b589&#8243; css=&#8221;.vc_custom_1665571572551{margin-top: 30px !important;margin-bottom: 10px !important;}&#8221;][vc_column_text 0=&#8221;&#8221;]<\/p>\n<h5>Re\u017eija \/ Directed : Petar Bubalo &#8211; School for graphics, design and media production Zagreb \/ Blank film incubator, Croatia<\/h5>\n<h4>CIKLUS \/ THE CYCLE<\/h4>\n<p><a href=\"http:\/\/duff.kinematografi.org\/wp-content\/uploads\/2022\/10\/THE-CYCLE.jpg\" target=\"_blank\" rel=\"noopener noreferrer\"><img loading=\"lazy\" decoding=\"async\" class=\"alignnone wp-image-4616 size-thumbnail\" src=\"http:\/\/duff.kinematografi.org\/wp-content\/uploads\/2022\/10\/THE-CYCLE-150x150.jpg\" alt=\"\" width=\"150\" height=\"150\" srcset=\"https:\/\/duff.kinematografi.org\/wp-content\/uploads\/2022\/10\/THE-CYCLE-150x150.jpg 150w, https:\/\/duff.kinematografi.org\/wp-content\/uploads\/2022\/10\/THE-CYCLE-85x85.jpg 85w, https:\/\/duff.kinematografi.org\/wp-content\/uploads\/2022\/10\/THE-CYCLE-80x80.jpg 80w\" sizes=\"auto, (max-width: 150px) 100vw, 150px\" \/><\/a><\/p>\n<p>Odli\u010dan film o ciklusima koji se ponavljaju i u koje lako upadnemo i u njima se zavrtimo, taman kad pomislimo da se ne\u0161to mo\u017eda promijenilo. Crno-bijela tehnika dodatno poja\u010dava dojam ne\u010deg starog, pro\u0161losti koja je tu i koju, da bismo je obojali bojama novog, moramo prvo razumjeti i nekoliko puta ponoviti.<br \/>\n<em>A wonderful movie on repeating cycles that drag us in easily and spin back us around just when we think that something might have changed. Black and white technique enhances the impression of something old, of a past that is here and which we could colour, but in order to do that we first need to understand it and repeat it a couple of times.<\/em>[\/vc_column_text][\/vc_column][\/vc_row][vc_row 0=&#8221;&#8221;][vc_column 0=&#8221;&#8221;][vc_separator color=&#8221;custom&#8221; accent_color=&#8221;#79b589&#8243; css=&#8221;.vc_custom_1665571572551{margin-top: 30px !important;margin-bottom: 10px !important;}&#8221;][vc_column_text 0=&#8221;&#8221;]<\/p>\n<h5>Re\u017eija \/ Directed : Grupni rad \/ Group of authors &#8211; Student dorm for boys, Dubrovnik, Croatia<\/h5>\n<h4>POVJERENJE \/ TRUST<\/h4>\n<p><a href=\"http:\/\/duff.kinematografi.org\/wp-content\/uploads\/2022\/10\/TRUST.jpg\" target=\"_blank\" rel=\"noopener noreferrer\"><img loading=\"lazy\" decoding=\"async\" class=\"alignnone wp-image-4617 size-thumbnail\" src=\"http:\/\/duff.kinematografi.org\/wp-content\/uploads\/2022\/10\/TRUST-150x150.jpg\" alt=\"\" width=\"150\" height=\"150\" srcset=\"https:\/\/duff.kinematografi.org\/wp-content\/uploads\/2022\/10\/TRUST-150x150.jpg 150w, https:\/\/duff.kinematografi.org\/wp-content\/uploads\/2022\/10\/TRUST-85x85.jpg 85w, https:\/\/duff.kinematografi.org\/wp-content\/uploads\/2022\/10\/TRUST-80x80.jpg 80w\" sizes=\"auto, (max-width: 150px) 100vw, 150px\" \/><\/a><\/p>\n<p>Odli\u010dna gluma glavnog glumca\/junaka dr\u017ei nam pa\u017enju i uvla\u010di nas u pri\u010du o tome kako svakodnevno trebamo paziti da ne povrijedimo jedni druge.<br \/>\n<em>Excellent acting from the lead actor\/hero keeps our attention and drags us into the story about how we need to make sure every day that we don\u2019t hurt each other.<\/em>[\/vc_column_text][\/vc_column][\/vc_row][vc_row 0=&#8221;&#8221;][vc_column 0=&#8221;&#8221;][vc_separator color=&#8221;custom&#8221; accent_color=&#8221;#79b589&#8243; css=&#8221;.vc_custom_1665571572551{margin-top: 30px !important;margin-bottom: 10px !important;}&#8221;][\/vc_column][\/vc_row][vc_row 0=&#8221;&#8221;][vc_column 0=&#8221;&#8221;][vc_column_text 0=&#8221;&#8221;]<\/p>\n<p>[\/vc_column_text][\/vc_column][\/vc_row]<\/p>\n<\/div>","protected":false},"excerpt":{"rendered":"<p>[vc_row 0=&#8221;&#8221;][vc_column 0=&#8221;&#8221;][vc_separator color=&#8221;custom&#8221; accent_color=&#8221;#79b589&#8243; css=&#8221;.vc_custom_1665571572551{margin-top: 30px !important;margin-bottom: 10px !important;}&#8221;][vc_column_text 0=&#8221;&#8221;] Re\u017eija \/ Directed : Nicolas Brune, Sasha Foinix &#8211; Ynov (Toulouse), France APSOLUTNO \/ ABSOLUTE<span class=\"excerpt-hellip\"> [\u2026]<\/span><\/p>\n","protected":false},"author":1,"featured_media":0,"parent":0,"menu_order":0,"comment_status":"closed","ping_status":"closed","template":"","meta":{"footnotes":""},"class_list":["post-4418","page","type-page","status-publish","hentry"],"_links":{"self":[{"href":"https:\/\/duff.kinematografi.org\/en\/wp-json\/wp\/v2\/pages\/4418","targetHints":{"allow":["GET"]}}],"collection":[{"href":"https:\/\/duff.kinematografi.org\/en\/wp-json\/wp\/v2\/pages"}],"about":[{"href":"https:\/\/duff.kinematografi.org\/en\/wp-json\/wp\/v2\/types\/page"}],"author":[{"embeddable":true,"href":"https:\/\/duff.kinematografi.org\/en\/wp-json\/wp\/v2\/users\/1"}],"replies":[{"embeddable":true,"href":"https:\/\/duff.kinematografi.org\/en\/wp-json\/wp\/v2\/comments?post=4418"}],"version-history":[{"count":3,"href":"https:\/\/duff.kinematografi.org\/en\/wp-json\/wp\/v2\/pages\/4418\/revisions"}],"predecessor-version":[{"id":4644,"href":"https:\/\/duff.kinematografi.org\/en\/wp-json\/wp\/v2\/pages\/4418\/revisions\/4644"}],"wp:attachment":[{"href":"https:\/\/duff.kinematografi.org\/en\/wp-json\/wp\/v2\/media?parent=4418"}],"curies":[{"name":"wp","href":"https:\/\/api.w.org\/{rel}","templated":true}]}}