{"id":5467,"date":"2023-10-01T11:16:08","date_gmt":"2023-10-01T11:16:08","guid":{"rendered":"https:\/\/duff.kinematografi.org\/?page_id=5467"},"modified":"2023-10-11T18:01:46","modified_gmt":"2023-10-11T18:01:46","slug":"duff2023programme","status":"publish","type":"page","link":"https:\/\/duff.kinematografi.org\/en\/duff2023programme\/","title":{"rendered":"Programme DUFF23"},"content":{"rendered":"<div class=\"wpb-content-wrapper\"><p>[vc_row 0=&#8221;&#8221;][vc_column 0=&#8221;&#8221;][vc_tta_accordion style=&#8221;outline&#8221; color=&#8221;black&#8221; spacing=&#8221;1&#8243; gap=&#8221;1&#8243; c_icon=&#8221;chevron&#8221; active_section=&#8221;1&#8243; css_animation=&#8221;bounceIn&#8221; no_fill=&#8221;true&#8221;][vc_tta_section title=&#8221;19.10. THURSDAY&#8221; tab_id=&#8221;1602955725570-f4e50af3-474e&#8221;][vc_empty_space][vc_column_text 0=&#8221;&#8221;]<\/p>\n<h5 class=\"p1\"><em>The Visia Cinema<\/em><\/h5>\n<h5 class=\"p1\"><hr class=\" hr_color\" style=\"margin: 0 auto 10px;\"\/>\n<\/h5>\n<h4 class=\"p1\">16.00 \u00a0<span class=\"s1\"> CinEd &#8220;Gledajmo zajedno&#8221; <\/span><\/h4>\n<p>[\/vc_column_text][vc_column_text 0=&#8221;&#8221;]<\/p>\n<h5 class=\"p1\"><em>The Sloboda Cinema &amp; the Sloboda Cinema lobby<\/em><\/h5>\n<hr class=\" hr_color\" style=\"margin: 0 auto 10px;\"\/>\n\n<h4 class=\"p1\">19.30\u00a0 <span class=\"s1\">The Opening Ceremony <\/span><\/h4>\n<h4>20.00\u00a0 Official Competition \u2013 Screening no.1<\/h4>\n<h4 class=\"p1\"><span class=\"s1\">20.45\u00a0 Cocktail party <\/span><\/h4>\n<p>[\/vc_column_text][vc_empty_space 0=&#8221;&#8221;][\/vc_tta_section][vc_tta_section title=&#8221;19.10. FRIDAY&#8221; tab_id=&#8221;1602955725665-4d7866ae-c278&#8243;][vc_empty_space 0=&#8221;&#8221;][vc_column_text 0=&#8221;&#8221;]<\/p>\n<h5 class=\"p1\"><em>The Sloboda Cinema<\/em><\/h5>\n<hr class=\" hr_color\" style=\"margin: 0 auto 10px;\"\/>\n\n<h4 class=\"p2\">10.00 Official Competition \u2013 Screenings no. 2 &amp; 3<\/h4>\n<hr class=\"no_line\" style=\"margin: 0 auto 40px;\"\/>\n\n<h5 class=\"p1\"><em>The Visia Cinema<\/em><\/h5>\n<hr class=\" hr_color\" style=\"margin: 0 auto 10px;\"\/>\n\n<h4 class=\"p3\">11.30 Methodology of film education<\/h4>\n<p class=\"p4\">Led by: Marina Zlatari\u0107<\/p>\n<hr class=\"no_line\" style=\"margin: 0 auto 40px;\"\/>\n\n<h5 class=\"p1\"><em>The Sloboda Cinema<\/em><\/h5>\n<h4>16.00 Screening and analysis of the film<\/h4>\n<p class=\"p3\"><b>My brother chases dinosaurs <\/b>\/ Stefano Cipani, 2021 \/ It , 102 min<br \/>\nLed by: Bo\u0161ko Picula<\/p>\n<p class=\"p4\"><hr class=\"no_line\" style=\"margin: 0 auto 40px;\"\/>\n<\/p>\n<h5 class=\"p1\"><em>The Sloboda Cinema<\/em><\/h5>\n<hr class=\" hr_color\" style=\"margin: 0 auto 10px;\"\/>\n\n<h4>19.00 Official Competition \u2013 Screenings no. 4 &amp; 5<\/h4>\n<p class=\"p2\"><hr class=\"no_line\" style=\"margin: 0 auto 40px;\"\/>\n<\/p>\n<h5 class=\"p1\"><em>The Sloboda Cinema lobby<\/em><\/h5>\n<hr class=\" hr_color\" style=\"margin: 0 auto 10px;\"\/>\n\n<h4>20.30 Music night<\/h4>\n<p class=\"p6\"><hr class=\"no_line\" style=\"margin: 0 auto 40px;\"\/>\n<\/p>\n<h5 class=\"p1\"><\/h5>\n<p>[\/vc_column_text][\/vc_tta_section][vc_tta_section title=&#8221;21.10. SATURDAY&#8221; tab_id=&#8221;1602959178023-9cd678e6-ade5&#8243;][vc_column_text]<\/p>\n<h5 class=\"p1\"><\/h5>\n<p class=\"p6\"><hr class=\"no_line\" style=\"margin: 0 auto 30px;\"\/>\n<\/p>\n<h5 class=\"p1\"><em>The Sloboda Cinema<\/em><\/h5>\n<hr class=\" hr_color\" style=\"margin: 0 auto 10px;\"\/>\n\n<h4>10.00 Official Competition \u2013 Screenings no. 6 &amp; 7<\/h4>\n<p class=\"p1\"><hr class=\"no_line\" style=\"margin: 0 auto 30px;\"\/>\n<\/p>\n<h5 class=\"p1\"><em>The Sloboda Cinema lobby<\/em><\/h5>\n<hr class=\" hr_color\" style=\"margin: 0 auto 10px;\"\/>\n\n<h4 class=\"p2\">15.00 \u201eEscape the scenes\u201c \/ Film tour game<\/h4>\n<p class=\"p2\"><hr class=\"no_line\" style=\"margin: 0 auto 30px;\"\/>\n<\/p>\n<h5 class=\"p1\"><em>The Sloboda Cinema lobby<\/em><\/h5>\n<hr class=\" hr_color\" style=\"margin: 0 auto 10px;\"\/>\n\n<h4 class=\"p3\">15.00 \u201eFantasti\u010dne lete\u0107e knjige\u201c \u2013 od crti\u0107a do knjige<\/h4>\n<h6 class=\"p3\">Led by: De\u0161a Ficovi\u0107<\/h6>\n<p class=\"p4\"><hr class=\"no_line\" style=\"margin: 0 auto 30px;\"\/>\n<\/p>\n<h5 class=\"p1\"><em>The Sloboda Cinema<\/em><\/h5>\n<hr class=\" hr_color\" style=\"margin: 0 auto 10px;\"\/>\n\n<h4 class=\"p3\">16.30 Dnevnik Pauline P.<br \/>\nScreening and Q&amp;A with the director Neven Hitrec<\/h4>\n<h6 class=\"p3\">Dnevnik Pauline P. \/ Neven Hitrec, 2023 \/ HR, 95 min<\/h6>\n<h6 class=\"p3\">Led by: Bo\u0161ko Picula<\/h6>\n<p class=\"p4\"><hr class=\"no_line\" style=\"margin: 0 auto 30px;\"\/>\n<\/p>\n<h5 class=\"p1\"><em>The Sloboda Cinema<\/em><\/h5>\n<hr class=\" hr_color\" style=\"margin: 0 auto 10px;\"\/>\n\n<h4 class=\"p2\">19.00 Official Competition \u2013 Screenings no. 8 &amp; 9<\/h4>\n<p class=\"p6\"><hr class=\"no_line\" style=\"margin: 0 auto 30px;\"\/>\n<\/p>\n<h5 class=\"p1\"><em>The Sloboda Cinema lobby<\/em><\/h5>\n<hr class=\" hr_color\" style=\"margin: 0 auto 10px;\"\/>\n\n<h4>20.30 Movie quiz &amp; pizza party<\/h4>\n<p class=\"p2\"><hr class=\"no_line\" style=\"margin: 0 auto 30px;\"\/>\n<\/p>\n<h5 class=\"p1\"><\/h5>\n<p>[\/vc_column_text][\/vc_tta_section][vc_tta_section title=&#8221;16.10. SUNDAY&#8221; tab_id=&#8221;1665059589896-77a863a2-e9f1&#8243;][vc_empty_space 0=&#8221;&#8221;][vc_column_text]<\/p>\n<h5 class=\"p1\"><em>The Sloboda Cinema<\/em><\/h5>\n<hr class=\" hr_color\" style=\"margin: 0 auto 10px;\"\/>\n\n<h4 class=\"p1\">10.00 Award Ceremony<\/h4>\n<p>[\/vc_column_text][\/vc_tta_section][\/vc_tta_accordion][vc_column_text 0=&#8221;&#8221;]<\/p>\n<p>[\/vc_column_text][\/vc_column][\/vc_row][vc_row 0=&#8221;&#8221;][vc_column 0=&#8221;&#8221;][vc_custom_heading text=&#8221;Workshops&#8221; google_fonts=&#8221;font_family:Roboto%20Slab%3A100%2C300%2Cregular%2C700|font_style:400%20regular%3A400%3Anormal&#8221; css=&#8221;.vc_custom_1665398514372{padding-bottom: 15px !important;}&#8221;][vc_column_text 0=&#8221;&#8221;]<\/p>\n<h5 class=\"p1\">Wednesday 18.10. &#8211; Sunday 22.10.<\/h5>\n<h4 class=\"p3\">WE ARE MAKING SHORT FICTION<\/h4>\n<p class=\"p3\">Srijeda u\u00a018.00 &#8211; U\u010deni\u010dki dom Paola di Rosa<br \/>\nLed by: Ru\u017eica Dodig<\/p>\n<p class=\"p3\"><hr class=\" hr_color\" style=\"margin: 0 auto 40px;\"\/>\n<\/p>\n<h5 class=\"p1\">Wednesday 18.10. &#8211; Sunday 22.10.<\/h5>\n<h4 class=\"p3\">Lend your voice!<br \/>\nANIMATED FILM SYNCHRONIZATION WORKSHOP<\/h4>\n<p class=\"p3\">Wednesday at 18.00 \u2013 UNIDU radio<br \/>\nLed by: Sr\u0111ana \u0160imunovi\u0107 &amp; Nikola Jankovi\u0107<\/p>\n<p class=\"p3\"><hr class=\" hr_color\" style=\"margin: 0 auto 40px;\"\/>\n<\/p>\n<h5 class=\"p3\">Saturday 21.10.<\/h5>\n<h4 class=\"p3\">Od crti\u0107a do knjige<br \/>\nFANTASTI\u010cNE LETE\u0106E KNJIGE<\/h4>\n<p class=\"p3\">Lu\u017ea, 15.00 -18.00<br \/>\nLed by:\u00a0De\u0161a Ficovi\u0107<\/p>\n<h4 class=\"p1\"><\/h4>\n<h4 class=\"p1\"><\/h4>\n<p class=\"p1\">\n<h4 class=\"p1\"><\/h4>\n<p class=\"p1\">\n<p class=\"p1\">\n<p class=\"p1\">\n<p class=\"p1\">\n<p class=\"p2\">\n<p class=\"p1\">\n<p class=\"p1\">\n<p class=\"p1\">\n<p class=\"p1\">\n<p class=\"p2\">\n<p class=\"p1\">\n<p class=\"p1\">\n<p class=\"p1\">\n<p class=\"p2\">\n<p class=\"p1\">\n<p class=\"p1\">\n<p class=\"p1\">\n<p class=\"p1\">\n<h6 class=\"p3\"><\/h6>\n<h4 class=\"p3\"><\/h4>\n<h4 class=\"p3\"><\/h4>\n<h6 class=\"p1\"><\/h6>\n<h6 class=\"p3\"><span class=\"s1\">H<\/span><\/h6>\n<\/div>","protected":false},"excerpt":{"rendered":"<p>[vc_row 0=&#8221;&#8221;][vc_column 0=&#8221;&#8221;][vc_tta_accordion style=&#8221;outline&#8221; color=&#8221;black&#8221; spacing=&#8221;1&#8243; gap=&#8221;1&#8243; c_icon=&#8221;chevron&#8221; active_section=&#8221;1&#8243; css_animation=&#8221;bounceIn&#8221; no_fill=&#8221;true&#8221;][vc_tta_section title=&#8221;19.10. THURSDAY&#8221; tab_id=&#8221;1602955725570-f4e50af3-474e&#8221;][vc_empty_space][vc_column_text 0=&#8221;&#8221;] The Visia Cinema 16.00 \u00a0 CinEd &#8220;Gledajmo zajedno&#8221; [\/vc_column_text][vc_column_text 0=&#8221;&#8221;] The<span class=\"excerpt-hellip\"> [\u2026]<\/span><\/p>\n","protected":false},"author":1,"featured_media":0,"parent":0,"menu_order":0,"comment_status":"closed","ping_status":"closed","template":"","meta":{"footnotes":""},"class_list":["post-5467","page","type-page","status-publish","hentry"],"_links":{"self":[{"href":"https:\/\/duff.kinematografi.org\/en\/wp-json\/wp\/v2\/pages\/5467","targetHints":{"allow":["GET"]}}],"collection":[{"href":"https:\/\/duff.kinematografi.org\/en\/wp-json\/wp\/v2\/pages"}],"about":[{"href":"https:\/\/duff.kinematografi.org\/en\/wp-json\/wp\/v2\/types\/page"}],"author":[{"embeddable":true,"href":"https:\/\/duff.kinematografi.org\/en\/wp-json\/wp\/v2\/users\/1"}],"replies":[{"embeddable":true,"href":"https:\/\/duff.kinematografi.org\/en\/wp-json\/wp\/v2\/comments?post=5467"}],"version-history":[{"count":12,"href":"https:\/\/duff.kinematografi.org\/en\/wp-json\/wp\/v2\/pages\/5467\/revisions"}],"predecessor-version":[{"id":5556,"href":"https:\/\/duff.kinematografi.org\/en\/wp-json\/wp\/v2\/pages\/5467\/revisions\/5556"}],"wp:attachment":[{"href":"https:\/\/duff.kinematografi.org\/en\/wp-json\/wp\/v2\/media?parent=5467"}],"curies":[{"name":"wp","href":"https:\/\/api.w.org\/{rel}","templated":true}]}}