{"id":5521,"date":"2023-10-09T11:03:49","date_gmt":"2023-10-09T11:03:49","guid":{"rendered":"http:\/\/duff.kinematografi.org\/?page_id=5521"},"modified":"2023-10-16T08:57:46","modified_gmt":"2023-10-16T08:57:46","slug":"2023duff_open","status":"publish","type":"page","link":"https:\/\/duff.kinematografi.org\/en\/2023duff_open\/","title":{"rendered":"OPEN CATEGORY"},"content":{"rendered":"<div class=\"wpb-content-wrapper\"><p>[vc_row][vc_column][vc_separator color=&#8221;custom&#8221; accent_color=&#8221;#79b589&#8243; css=&#8221;.vc_custom_1665571572551{margin-top: 30px !important;margin-bottom: 10px !important;}&#8221;][vc_column_text]<\/p>\n<h5>Elina Myshanych; 8&#8217;20&#8221;min; London Film School, Kids Movie School; Ukraine \/ UK<\/h5>\n<h4>Adult\/ Odrasli<\/h4>\n<p><a href=\"https:\/\/duff.kinematografi.org\/wp-content\/uploads\/2023\/10\/adult.jpg\"><img loading=\"lazy\" decoding=\"async\" class=\"alignnone wp-image-5755 size-thumbnail\" src=\"https:\/\/duff.kinematografi.org\/wp-content\/uploads\/2023\/10\/adult-150x150.jpg\" alt=\"\" width=\"150\" height=\"150\" srcset=\"https:\/\/duff.kinematografi.org\/wp-content\/uploads\/2023\/10\/adult-150x150.jpg 150w, https:\/\/duff.kinematografi.org\/wp-content\/uploads\/2023\/10\/adult-85x85.jpg 85w, https:\/\/duff.kinematografi.org\/wp-content\/uploads\/2023\/10\/adult-80x80.jpg 80w\" sizes=\"auto, (max-width: 150px) 100vw, 150px\" \/><\/a><\/p>\n<p>Wartime winter Kyiv. Maryna, a girl detective, is searching for missing people with her partner, an IT expert. This time a little girl has disappeared, and searching for her Maryna has to go through a mysterious quest. This is a mystical detective story about a childhood lost in the war.<\/p>\n<p>\u201cThe director came up with an unbelievably exciting detective story with only two characters, and whose result is a shocking movie of a lost childhood and sudden growing up.\u201d[\/vc_column_text][\/vc_column][\/vc_row][vc_row][vc_column][vc_separator color=&#8221;custom&#8221; accent_color=&#8221;#79b589&#8243; css=&#8221;.vc_custom_1665571572551{margin-top: 30px !important;margin-bottom: 10px !important;}&#8221;][vc_column_text]<\/p>\n<h5>Leon Bengez; 1&#8217;30&#8221;min; School of Arts, Design, graphic and clothing Zabok; Hrvatska<\/h5>\n<h4>Crveno i Bijelo<\/h4>\n<p><a href=\"https:\/\/duff.kinematografi.org\/wp-content\/uploads\/2023\/10\/crveno-i-bijelo.jpg\"><img loading=\"lazy\" decoding=\"async\" class=\"alignnone wp-image-5757 size-thumbnail\" src=\"https:\/\/duff.kinematografi.org\/wp-content\/uploads\/2023\/10\/crveno-i-bijelo-150x150.jpg\" alt=\"\" width=\"150\" height=\"150\" srcset=\"https:\/\/duff.kinematografi.org\/wp-content\/uploads\/2023\/10\/crveno-i-bijelo-150x150.jpg 150w, https:\/\/duff.kinematografi.org\/wp-content\/uploads\/2023\/10\/crveno-i-bijelo-85x85.jpg 85w, https:\/\/duff.kinematografi.org\/wp-content\/uploads\/2023\/10\/crveno-i-bijelo-80x80.jpg 80w\" sizes=\"auto, (max-width: 150px) 100vw, 150px\" \/><\/a><\/p>\n<p>Love and death are the most unknown things of our time. The contrast between them is drastic and complex. Will we ever know their secrets?<\/p>\n<p>\u201cAn excellent experimental movie based on two colours which symbolize life and death. The atmosphere in the movie is further enhanced by the soundtrack.\u201d[\/vc_column_text][\/vc_column][\/vc_row][vc_row][vc_column][vc_separator color=&#8221;custom&#8221; accent_color=&#8221;#79b589&#8243; css=&#8221;.vc_custom_1665571572551{margin-top: 30px !important;margin-bottom: 10px !important;}&#8221;][vc_column_text]<\/p>\n<h5>PO-HAO CHU; 4&#8217;54&#8221;min; Taipei National University of the Arts; Taiwan<\/h5>\n<h4>Didn&#8217;t Zarathustra Also Speak&#8230;\/ Nije li i Zaratustra govorio&#8230;<\/h4>\n<p><a href=\"https:\/\/duff.kinematografi.org\/wp-content\/uploads\/2023\/10\/zarathustra.jpg\"><img loading=\"lazy\" decoding=\"async\" class=\"alignnone wp-image-5773 size-thumbnail\" src=\"https:\/\/duff.kinematografi.org\/wp-content\/uploads\/2023\/10\/zarathustra-150x150.jpg\" alt=\"\" width=\"150\" height=\"150\" srcset=\"https:\/\/duff.kinematografi.org\/wp-content\/uploads\/2023\/10\/zarathustra-150x150.jpg 150w, https:\/\/duff.kinematografi.org\/wp-content\/uploads\/2023\/10\/zarathustra-85x85.jpg 85w, https:\/\/duff.kinematografi.org\/wp-content\/uploads\/2023\/10\/zarathustra-80x80.jpg 80w\" sizes=\"auto, (max-width: 150px) 100vw, 150px\" \/><\/a><\/p>\n<p>\u201cA holy asserting in wanted: it is its own will that the spirit now willeth, it is its own world that the recluse winneth for himself,\u201d said Zarathustra.<br \/>\nWhat do you do when you find yourself bound by worldly burdens?<\/p>\n<p>\u201cThis movie creates an anxious atmosphere through it contrasting photography, excellent scene design and props, and carefully designed soundtrack.\u201d[\/vc_column_text][\/vc_column][\/vc_row][vc_row][vc_column][vc_separator color=&#8221;custom&#8221; accent_color=&#8221;#79b589&#8243; css=&#8221;.vc_custom_1665571572551{margin-top: 30px !important;margin-bottom: 10px !important;}&#8221;][vc_column_text]<\/p>\n<h5>Katja Galuni\u0107, Dora Rada\u0161; 1&#8217;39&#8221;min; XVI. gimnazija; Hrvatska\/Croatia<\/h5>\n<h4>Klaunovi iluzije<\/h4>\n<p><a href=\"https:\/\/duff.kinematografi.org\/wp-content\/uploads\/2023\/10\/klaunovi.png\"><img loading=\"lazy\" decoding=\"async\" class=\"alignnone wp-image-5761 size-thumbnail\" src=\"https:\/\/duff.kinematografi.org\/wp-content\/uploads\/2023\/10\/klaunovi-150x150.png\" alt=\"\" width=\"150\" height=\"150\" srcset=\"https:\/\/duff.kinematografi.org\/wp-content\/uploads\/2023\/10\/klaunovi-150x150.png 150w, https:\/\/duff.kinematografi.org\/wp-content\/uploads\/2023\/10\/klaunovi-85x85.png 85w, https:\/\/duff.kinematografi.org\/wp-content\/uploads\/2023\/10\/klaunovi-80x80.png 80w\" sizes=\"auto, (max-width: 150px) 100vw, 150px\" \/><\/a><\/p>\n<p>Inspired by Fellini&#8217;s film \u2018La strada\u2019, this film shows the features of our existence and isolation while connecting them with clich\u00e9s and traditional symbols of happiness. It subtly opens the question of the inner meaning of us as individuals, which I often cover with layers of norms.<\/p>\n<p>\u201cAn interesting experimental depiction of the differences among human beings and their meanings.\u201d[\/vc_column_text][\/vc_column][\/vc_row][vc_row][vc_column][vc_separator color=&#8221;custom&#8221; accent_color=&#8221;#79b589&#8243; css=&#8221;.vc_custom_1665571572551{margin-top: 30px !important;margin-bottom: 10px !important;}&#8221;][vc_column_text]<\/p>\n<h5>Jakov Ben\u010di\u0107; 1&#8217;min; Akademija dramske umjetnosti; Hrvatska\/Croatia<\/h5>\n<h4>Koji je tvoj na\u010din?<\/h4>\n<p><a href=\"https:\/\/duff.kinematografi.org\/wp-content\/uploads\/2023\/10\/koji-je-tvoj-nacin.png\"><img loading=\"lazy\" decoding=\"async\" class=\"alignnone wp-image-5763 size-thumbnail\" src=\"https:\/\/duff.kinematografi.org\/wp-content\/uploads\/2023\/10\/koji-je-tvoj-nacin-150x150.png\" alt=\"\" width=\"150\" height=\"150\" srcset=\"https:\/\/duff.kinematografi.org\/wp-content\/uploads\/2023\/10\/koji-je-tvoj-nacin-150x150.png 150w, https:\/\/duff.kinematografi.org\/wp-content\/uploads\/2023\/10\/koji-je-tvoj-nacin-85x85.png 85w, https:\/\/duff.kinematografi.org\/wp-content\/uploads\/2023\/10\/koji-je-tvoj-nacin-80x80.png 80w\" sizes=\"auto, (max-width: 150px) 100vw, 150px\" \/><\/a><\/p>\n<p>A utilitarian film which literally transforms film terms into film language.<\/p>\n<p>\u201cBecause of this utilitarian movie, everyone would want to enrol into a film school. Very original!\u201d[\/vc_column_text][\/vc_column][\/vc_row][vc_row][vc_column][vc_separator color=&#8221;custom&#8221; accent_color=&#8221;#79b589&#8243; css=&#8221;.vc_custom_1665571572551{margin-top: 30px !important;margin-bottom: 10px !important;}&#8221;][vc_column_text]<\/p>\n<h5>Erik S\u00e9mashkin; 3&#8217;25&#8221;min; Universit\u00e9 Paris 8 Vincennes &#8211; Saint-Denis; Ukraine\/France<\/h5>\n<h4>Nature Attack \/ Napad prirode<\/h4>\n<p><a href=\"https:\/\/duff.kinematografi.org\/wp-content\/uploads\/2023\/10\/nature-attack.jpg\"><img loading=\"lazy\" decoding=\"async\" class=\"alignnone wp-image-5765 size-thumbnail\" src=\"https:\/\/duff.kinematografi.org\/wp-content\/uploads\/2023\/10\/nature-attack-150x150.jpg\" alt=\"\" width=\"150\" height=\"150\" srcset=\"https:\/\/duff.kinematografi.org\/wp-content\/uploads\/2023\/10\/nature-attack-150x150.jpg 150w, https:\/\/duff.kinematografi.org\/wp-content\/uploads\/2023\/10\/nature-attack-85x85.jpg 85w, https:\/\/duff.kinematografi.org\/wp-content\/uploads\/2023\/10\/nature-attack-80x80.jpg 80w\" sizes=\"auto, (max-width: 150px) 100vw, 150px\" \/><\/a><\/p>\n<p>A bird decides to hunt crickets, but his crossing will be more complicated than expected.<\/p>\n<p>\u201cA fantastic movie due to its directing, photography, editing and soundtrack that immerse us into the world of nature. Masterfully done!\u201d[\/vc_column_text][\/vc_column][\/vc_row][vc_row][vc_column][vc_separator color=&#8221;custom&#8221; accent_color=&#8221;#79b589&#8243; css=&#8221;.vc_custom_1665571572551{margin-top: 30px !important;margin-bottom: 10px !important;}&#8221;][vc_column_text]<\/p>\n<h5>Patrik \u0160imunovi\u0107; 5&#8217;27&#8221;min; O\u0160 Stjepan Kefelja , Kutina; Hrvatska\/Croatia<\/h5>\n<h4>The Adventures of a Snail\/ Avanture jednog pu\u017ea<\/h4>\n<p><a href=\"https:\/\/duff.kinematografi.org\/wp-content\/uploads\/2023\/10\/snail.jpg\"><img loading=\"lazy\" decoding=\"async\" class=\"alignnone wp-image-5767 size-thumbnail\" src=\"https:\/\/duff.kinematografi.org\/wp-content\/uploads\/2023\/10\/snail-150x150.jpg\" alt=\"\" width=\"150\" height=\"150\" srcset=\"https:\/\/duff.kinematografi.org\/wp-content\/uploads\/2023\/10\/snail-150x150.jpg 150w, https:\/\/duff.kinematografi.org\/wp-content\/uploads\/2023\/10\/snail-85x85.jpg 85w, https:\/\/duff.kinematografi.org\/wp-content\/uploads\/2023\/10\/snail-80x80.jpg 80w\" sizes=\"auto, (max-width: 150px) 100vw, 150px\" \/><\/a><\/p>\n<p>The hybrid film &#8220;The Adventures of a Snail&#8221; tells the story of a snail that goes towards its favorite food, greens. On his way he meets various animals. His path is only two meters long. With the sarcasm and disintegration of time in this film, we wanted to draw attention to the fact that children today cannot hold their attention for long. Internet and other contents change very quickly. We wanted to show that like a slow snail, long shots can be interesting and not just quick and sudden changes of shots. Also, with the film, we wanted to draw children&#8217;s attention to the beauty of the nature that surrounds us.<\/p>\n<p>\u201cEvery shot of this movie on its own could be considered a work of art. Beautiful photography, elaborate soundtrack, long shots, changes in nature and the static characteristic of the snail create a wonderful combination.\u201d[\/vc_column_text][\/vc_column][\/vc_row][vc_row][vc_column][vc_separator color=&#8221;custom&#8221; accent_color=&#8221;#79b589&#8243; css=&#8221;.vc_custom_1665571572551{margin-top: 30px !important;margin-bottom: 10px !important;}&#8221;][vc_column_text]<\/p>\n<h5>Daniel Tristan K\u0159\u00edstek, Vojt\u011bch Vesel\u00fd; 7&#8217;56&#8221;min; Grammar school of Dr. Joseph Pekar; \u010ce\u0161ka Republika<\/h5>\n<h4>The Elementary Methods of Walking \/ Elementarne metode hodanja<\/h4>\n<p><a href=\"https:\/\/duff.kinematografi.org\/wp-content\/uploads\/2023\/10\/The-elementary.jpg\"><img loading=\"lazy\" decoding=\"async\" class=\"alignnone wp-image-5771 size-thumbnail\" src=\"https:\/\/duff.kinematografi.org\/wp-content\/uploads\/2023\/10\/The-elementary-150x150.jpg\" alt=\"\" width=\"150\" height=\"150\" srcset=\"https:\/\/duff.kinematografi.org\/wp-content\/uploads\/2023\/10\/The-elementary-150x150.jpg 150w, https:\/\/duff.kinematografi.org\/wp-content\/uploads\/2023\/10\/The-elementary-85x85.jpg 85w, https:\/\/duff.kinematografi.org\/wp-content\/uploads\/2023\/10\/The-elementary-80x80.jpg 80w\" sizes=\"auto, (max-width: 150px) 100vw, 150px\" \/><\/a><\/p>\n<p>As the name suggests, the movie is primarily about walking, about fate, about what &#8220;fair play&#8221; means and, last but not least, about when our home becomes a mere chessboard. Or have we always been just figures? Do we know where our place is yet? Should we continue in our move when the queen is dead?<\/p>\n<p>\u201cA movie with an interesting idea and a recognizable aesthetics. The music complements the scenes perfectly and creates humour, but also an unusual beauty.\u201d[\/vc_column_text][\/vc_column][\/vc_row][vc_row][vc_column][vc_separator color=&#8221;custom&#8221; accent_color=&#8221;#79b589&#8243; css=&#8221;.vc_custom_1665571572551{margin-top: 30px !important;margin-bottom: 10px !important;}&#8221;][vc_column_text]<\/p>\n<h5>Corran Gourlay; 6&#8217;00&#8221;min; Independent \/ Lancaster University; Velika Britanija<\/h5>\n<h4>The Table \/ Stol<\/h4>\n<p><a href=\"https:\/\/duff.kinematografi.org\/wp-content\/uploads\/2023\/10\/table6.jpg\"><img loading=\"lazy\" decoding=\"async\" class=\"alignnone wp-image-5769 size-thumbnail\" src=\"https:\/\/duff.kinematografi.org\/wp-content\/uploads\/2023\/10\/table6-150x150.jpg\" alt=\"\" width=\"150\" height=\"150\" srcset=\"https:\/\/duff.kinematografi.org\/wp-content\/uploads\/2023\/10\/table6-150x150.jpg 150w, https:\/\/duff.kinematografi.org\/wp-content\/uploads\/2023\/10\/table6-85x85.jpg 85w, https:\/\/duff.kinematografi.org\/wp-content\/uploads\/2023\/10\/table6-80x80.jpg 80w\" sizes=\"auto, (max-width: 150px) 100vw, 150px\" \/><\/a><\/p>\n<p>A mysterious table whisks a curious woman away on a journey that blends reality and dream, and takes her where she needs to be.<\/p>\n<p>\u201cIn this movie the table becomes a living object through stop-animation and asks questions on illusion and reality, what is real and what is a dream.\u201d<\/p>\n<p>&nbsp;[\/vc_column_text][\/vc_column][\/vc_row][vc_row][vc_column][vc_separator color=&#8221;custom&#8221; accent_color=&#8221;#79b589&#8243; css=&#8221;.vc_custom_1665571572551{margin-top: 30px !important;margin-bottom: 10px !important;}&#8221;][\/vc_column][\/vc_row][vc_row][vc_column][vc_column_text]<\/p>\n<p>[\/vc_column_text][\/vc_column][\/vc_row]<\/p>\n<\/div>","protected":false},"excerpt":{"rendered":"<p>[vc_row][vc_column][vc_separator color=&#8221;custom&#8221; accent_color=&#8221;#79b589&#8243; css=&#8221;.vc_custom_1665571572551{margin-top: 30px !important;margin-bottom: 10px !important;}&#8221;][vc_column_text] Elina Myshanych; 8&#8217;20&#8221;min; London Film School, Kids Movie School; Ukraine \/ UK Adult\/ Odrasli Wartime winter Kyiv. Maryna,<span class=\"excerpt-hellip\"> [\u2026]<\/span><\/p>\n","protected":false},"author":1,"featured_media":0,"parent":0,"menu_order":0,"comment_status":"closed","ping_status":"closed","template":"","meta":{"footnotes":""},"class_list":["post-5521","page","type-page","status-publish","hentry"],"_links":{"self":[{"href":"https:\/\/duff.kinematografi.org\/en\/wp-json\/wp\/v2\/pages\/5521","targetHints":{"allow":["GET"]}}],"collection":[{"href":"https:\/\/duff.kinematografi.org\/en\/wp-json\/wp\/v2\/pages"}],"about":[{"href":"https:\/\/duff.kinematografi.org\/en\/wp-json\/wp\/v2\/types\/page"}],"author":[{"embeddable":true,"href":"https:\/\/duff.kinematografi.org\/en\/wp-json\/wp\/v2\/users\/1"}],"replies":[{"embeddable":true,"href":"https:\/\/duff.kinematografi.org\/en\/wp-json\/wp\/v2\/comments?post=5521"}],"version-history":[{"count":4,"href":"https:\/\/duff.kinematografi.org\/en\/wp-json\/wp\/v2\/pages\/5521\/revisions"}],"predecessor-version":[{"id":5775,"href":"https:\/\/duff.kinematografi.org\/en\/wp-json\/wp\/v2\/pages\/5521\/revisions\/5775"}],"wp:attachment":[{"href":"https:\/\/duff.kinematografi.org\/en\/wp-json\/wp\/v2\/media?parent=5521"}],"curies":[{"name":"wp","href":"https:\/\/api.w.org\/{rel}","templated":true}]}}